{"id":15,"date":"2015-02-01T13:56:58","date_gmt":"2015-02-01T13:56:58","guid":{"rendered":"http:\/\/www.sozialgeschichte-medizin.org\/wp_verein\/?page_id=15"},"modified":"2024-10-30T10:46:45","modified_gmt":"2024-10-30T10:46:45","slug":"ueber-uns","status":"publish","type":"page","link":"https:\/\/www.sozialgeschichte-medizin.org\/wp_verein\/?page_id=15","title":{"rendered":"\u00dcber uns"},"content":{"rendered":"<p>Der <strong>Verein f\u00fcr Sozialgeschichte der Medizin<\/strong> wurde <strong>1998<\/strong> gegr\u00fcndet, hat seinen Sitz in Wien und erstreckt seine T\u00e4tigkeit auf ganz \u00d6sterreich, hinsichtlich der wissenschaftlichen Forschung auch auf dessen Nachbarl\u00e4nder.<\/p>\n<p><strong>Ziel<\/strong> des Vereines ist es, fundierte <strong>Forschung zur Geschichte von Gesundheit und Krankheit<\/strong> zu f\u00f6rdern und die Ergebnisse einem breiten Interessentenkreis\u00a0 zu vermitteln. Sozial- und kulturgeschichtliche Ans\u00e4tze stehen dabei im Zentrum unseres Interesses. In methodischer Hinsicht sind wir dem Eintreten f\u00fcr eine Vielfalt von Herangehensweisen verpflichtet.<\/p>\n<p>Des Weiteren sind uns der <strong>Gegenwartsbezug<\/strong> historischer Forschung sowie die <strong>interdisziplin\u00e4re Zusammenarbeit<\/strong> von HistorikerInnen, KulturwissenschafterInnen, SozialwissenschafterInnen, MedizinerInnen und GesundheitswissenschafterInnen ein besonderes Anliegen.<\/p>\n","protected":false},"excerpt":{"rendered":"<p>Der Verein f\u00fcr Sozialgeschichte der Medizin wurde 1998 gegr\u00fcndet, hat seinen Sitz in Wien und erstreckt seine T\u00e4tigkeit auf ganz \u00d6sterreich, hinsichtlich der wissenschaftlichen Forschung auch auf dessen Nachbarl\u00e4nder. Ziel des Vereines ist es, fundierte Forschung zur Geschichte von Gesundheit und Krankheit zu f\u00f6rdern und die Ergebnisse einem breiten Interessentenkreis\u00a0 zu vermitteln. Sozial- und kulturgeschichtliche &hellip; <a href=\"https:\/\/www.sozialgeschichte-medizin.org\/wp_verein\/?page_id=15\" class=\"more-link\"><span class=\"screen-reader-text\">\u00dcber uns<\/span> weiterlesen <span class=\"meta-nav\">&rarr;<\/span><\/a><\/p>\n","protected":false},"author":1,"featured_media":0,"parent":0,"menu_order":1,"comment_status":"closed","ping_status":"open","template":"","meta":{"footnotes":""},"class_list":["post-15","page","type-page","status-publish","hentry"],"_links":{"self":[{"href":"https:\/\/www.sozialgeschichte-medizin.org\/wp_verein\/index.php?rest_route=\/wp\/v2\/pages\/15"}],"collection":[{"href":"https:\/\/www.sozialgeschichte-medizin.org\/wp_verein\/index.php?rest_route=\/wp\/v2\/pages"}],"about":[{"href":"https:\/\/www.sozialgeschichte-medizin.org\/wp_verein\/index.php?rest_route=\/wp\/v2\/types\/page"}],"author":[{"embeddable":true,"href":"https:\/\/www.sozialgeschichte-medizin.org\/wp_verein\/index.php?rest_route=\/wp\/v2\/users\/1"}],"replies":[{"embeddable":true,"href":"https:\/\/www.sozialgeschichte-medizin.org\/wp_verein\/index.php?rest_route=%2Fwp%2Fv2%2Fcomments&post=15"}],"version-history":[{"count":6,"href":"https:\/\/www.sozialgeschichte-medizin.org\/wp_verein\/index.php?rest_route=\/wp\/v2\/pages\/15\/revisions"}],"predecessor-version":[{"id":1023,"href":"https:\/\/www.sozialgeschichte-medizin.org\/wp_verein\/index.php?rest_route=\/wp\/v2\/pages\/15\/revisions\/1023"}],"wp:attachment":[{"href":"https:\/\/www.sozialgeschichte-medizin.org\/wp_verein\/index.php?rest_route=%2Fwp%2Fv2%2Fmedia&parent=15"}],"curies":[{"name":"wp","href":"https:\/\/api.w.org\/{rel}","templated":true}]}}