{"id":327,"date":"2015-02-08T16:13:06","date_gmt":"2015-02-08T16:13:06","guid":{"rendered":"http:\/\/www.sozialgeschichte-medizin.org\/wp_verein\/?page_id=327"},"modified":"2015-02-22T16:58:22","modified_gmt":"2015-02-22T16:58:22","slug":"2006-2","status":"publish","type":"page","link":"https:\/\/www.sozialgeschichte-medizin.org\/wp_verein\/?page_id=327","title":{"rendered":"2006"},"content":{"rendered":"<div>\n<div class=\"hfn-item-key\">\n<h3>Jahrestagung 2006 des Vereins f\u00fcr Sozialgeschichte der Medizin \u2013 Geschichte(n) von Gesundheit und Krankheit<\/h3>\n<p><strong>Veranstalter: <\/strong>Verein f\u00fcr Sozialgeschichte der Medizin in Kooperation mit dem Institut f\u00fcr Geschichte der Medizin der Medizinischen Universit\u00e4t Wien<\/p>\n<p><strong>Datum\/Ort: <\/strong>19.-21. April 2006, Institut f\u00fcr Geschichte der Medizin der Medizinischen Universit\u00e4t Wien, W\u00e4hringer Strasse 25, A &#8211; 1090 Wien<\/p>\n<\/div>\n<\/div>\n<p><strong>Tagungsprogramm<\/strong><\/p>\n<p><strong>Mittwoch, 19.4. 2006<\/strong><br \/>\nBegr\u00fc\u00dfung: Univ. Prof. Dr. Michael Hubenstorf<\/p>\n<p>Vormittags: 9.15 Uhr<br \/>\nModeration: Sonia Horn (Wien)<\/p>\n<p>Anette L\u00f6ffler (Leipzig)<br \/>\nDie medizinischen Handschriften des 15. Jahrhunderts in Wien als Grundlage zur Erforschung von Krankheit und Gesundheit<\/p>\n<p>Alfred Weiss (Salzburg)<br \/>\nKrankenf\u00fcrsorge in Hospit\u00e4lern der Fr\u00fchen Neuzeit am Beispiel \u00d6sterreich<\/p>\n<p>Anita Dominkovitsn\u00e9 Szak\u00e1cs (Sopron)<br \/>\nDas Gesundheitswesen des fr\u00fchneuzeitlichen Sopron\/\u00d6denburg (16-18. Jahrhundert). Zum Quellenerschlie\u00dfungsprogramm<\/p>\n<p>Zolt\u00e1n Horogszegi, Krisztina R\u00e1bai (Debrecen)<br \/>\nAccount books as source materials for medical history<\/p>\n<p>Krisztina R\u00e1bai (Debrecen)<br \/>\nHereditary syphilis in the written sources of the 15-16th century<\/p>\n<p>Nachmittags: 13.30 Uhr<br \/>\nModeration: Alfred Weiss (Salzburg)<\/p>\n<p>Beatrix Patzak, Gerhard Kletter (Wien)<br \/>\nDie Entwicklung der Pathologie an Hand der Obduktionsprotokolle des Wiener Allgemeinen Krankenhauses 1817-1964<\/p>\n<p>Marcel Chahrour (Wien)<br \/>\nJacob Eduard Polak: Arzt, Gesundheitspolitiker und Orientkenner. Zu Biographie und Leistung des &#8222;gewesenen Leibarztes des Schah von Persien&#8220;<\/p>\n<p>Sabine Veits-Falk (Salzburg)<br \/>\nDr.Rosa Kerschbaumer &#8211; Putjata (1851-1923) Augen\u00e4rztin in \u00d6sterreich, Russland und Amerika<\/p>\n<p>Elisabeth Dietrich-Daum (Innsbruck)<br \/>\nDer R\u00fcckgang der Tuberkulosemortalit\u00e4t in \u00d6sterreich 1874-1974 &#8211; Erkl\u00e4rungsmuster, empirische Befunde und Kritik<\/p>\n<p>Dusa Fischinger (Ljubljana)<br \/>\nDer Balneologe Prof.Dr.Julius Glax und seine T\u00e4tigkeit in Rohitsch Sauerbrunn und Abbazia<\/p>\n<p>Maria Heidegger (Innsbruck)<br \/>\nArbeitsmedizinische und gesundheitspolitische Ma\u00dfnahmen auf einer Gro\u00dfbaustelle im Spiegel von Sanit\u00e4tsberichten (Bau des Arlbergeisenbahntunnel 1880-1884)<\/p>\n<p><strong>Donnerstag, 20.4. 2006<\/strong><\/p>\n<p>Vormittags: 9 Uhr<br \/>\nModeration: Elisabeth Dietrich-Daum (Innsbruck)<\/p>\n<p>Emese Lafferton (Cambridge)<br \/>\nPsychiatry&#8217;s Dual Monarchy: The Hungary Side, 1850-1918<\/p>\n<p>Ellinor Forster (Innsbruck)<br \/>\nSoziale Repr\u00e4sentationen von psychischer Krankheit. Ein Vergleich der Vorstellungswelten von Laien und \u00c4rzten 1830-1850<\/p>\n<p>Elena Taddei (Innsbruck)<br \/>\nDie Landesnervenheilanstalt Hall in Tirol (Projektbericht)<\/p>\n<p>Eberhard Gabriel (Wien)<br \/>\n&#8222;Berichte aus dem Irrenhaus&#8220;<\/p>\n<p>Nachmittags :13.30 Uhr<br \/>\nModeration: Michael Hubenstorf (Wien)<\/p>\n<p>Barbara Hoffmann (Innsbruck)<br \/>\nKriegsblinde in \u00d6sterreich. Die Entstehung eines &#8222;Zwei-Klassen-Systems&#8220; von blinden Menschen.<\/p>\n<p>Gabriele Czarnowski (Graz)<br \/>\nPolitische und soziale Netze der \u00c4rzte an der Universit\u00e4tsfrauenklinik\/LKH Graz (ca. 1934\/38 &#8211; 1945\/48)<\/p>\n<p>Claudia Spring (Wien)<br \/>\nErbkrank: zwangssterilisiert, doch nicht erbkrank: r\u00fcckoperiert. Therese W.\u00b4s Geschichte von Gesundheit und Krankheit in der NS-Zeit<\/p>\n<p>Panel \u201cEugenik\u201d<br \/>\nNachmittags ab ca. 15.30 Uhr<br \/>\nModeration: Michael Hubenstorf (Wien)<\/p>\n<p>Gerhard Baader (Berlin)<br \/>\nJulius Tandler und die sozialdemokratische Eugenik in \u00d6sterreich<\/p>\n<p>Thomas Mayer (Wien)<br \/>\nAlter Wein in neuen Schl\u00e4uchen? Vergleich eugenischer Positionen in deutschnationalen Netzwerken nach 1945 in \u00d6sterreich<\/p>\n<p>Veronika Hofer (Wien)<br \/>\nPositionen zur Eugenik des Genetikers Felix Mainx in Prag und Wien<\/p>\n<p><strong>Freitag, 21.4. 2006<\/strong><\/p>\n<p>Vormittags: 9.30 Uhr<br \/>\nModeration: Gerhard Baader (Berlin)<\/p>\n<p>Meike Lauggas (Wien)<br \/>\nHymen und Jungfr\u00e4ulichkeit: Zur Bedeutungsgeschichte einer Membran und ihrer Neukonzipierung als Altersparameter durch die Kinder- und Jugendgyn\u00e4kologie<\/p>\n<p>Susanne Hofmann (Stuttgart)<br \/>\n&#8222;Sicher erw\u00e4hnt kein Mensch in seinen Memoiren seine Masern. Ich tue das.&#8220; Gesundheit, Geschlecht und Lebensgeschichte im 20.Jahrhundert.<\/p>\n<p>Gerald Weippl (Wien)<br \/>\nImpfgegner einst und jetzt<\/p>\n<p>Michael Hubenstorf (Wien)<br \/>\nKinderheilkunde in Wien 1911-1962<\/p>\n","protected":false},"excerpt":{"rendered":"<p>Jahrestagung 2006 des Vereins f\u00fcr Sozialgeschichte der Medizin \u2013 Geschichte(n) von Gesundheit und Krankheit Veranstalter: Verein f\u00fcr Sozialgeschichte der Medizin in Kooperation mit dem Institut f\u00fcr Geschichte der Medizin der Medizinischen Universit\u00e4t Wien Datum\/Ort: 19.-21. April 2006, Institut f\u00fcr Geschichte der Medizin der Medizinischen Universit\u00e4t Wien, W\u00e4hringer Strasse 25, A &#8211; 1090 Wien Tagungsprogramm Mittwoch, &hellip; <a href=\"https:\/\/www.sozialgeschichte-medizin.org\/wp_verein\/?page_id=327\" class=\"more-link\"><span class=\"screen-reader-text\">2006<\/span> weiterlesen <span class=\"meta-nav\">&rarr;<\/span><\/a><\/p>\n","protected":false},"author":1,"featured_media":0,"parent":8,"menu_order":110,"comment_status":"closed","ping_status":"closed","template":"","meta":{"footnotes":""},"class_list":["post-327","page","type-page","status-publish","hentry"],"_links":{"self":[{"href":"https:\/\/www.sozialgeschichte-medizin.org\/wp_verein\/index.php?rest_route=\/wp\/v2\/pages\/327"}],"collection":[{"href":"https:\/\/www.sozialgeschichte-medizin.org\/wp_verein\/index.php?rest_route=\/wp\/v2\/pages"}],"about":[{"href":"https:\/\/www.sozialgeschichte-medizin.org\/wp_verein\/index.php?rest_route=\/wp\/v2\/types\/page"}],"author":[{"embeddable":true,"href":"https:\/\/www.sozialgeschichte-medizin.org\/wp_verein\/index.php?rest_route=\/wp\/v2\/users\/1"}],"replies":[{"embeddable":true,"href":"https:\/\/www.sozialgeschichte-medizin.org\/wp_verein\/index.php?rest_route=%2Fwp%2Fv2%2Fcomments&post=327"}],"version-history":[{"count":3,"href":"https:\/\/www.sozialgeschichte-medizin.org\/wp_verein\/index.php?rest_route=\/wp\/v2\/pages\/327\/revisions"}],"predecessor-version":[{"id":605,"href":"https:\/\/www.sozialgeschichte-medizin.org\/wp_verein\/index.php?rest_route=\/wp\/v2\/pages\/327\/revisions\/605"}],"up":[{"embeddable":true,"href":"https:\/\/www.sozialgeschichte-medizin.org\/wp_verein\/index.php?rest_route=\/wp\/v2\/pages\/8"}],"wp:attachment":[{"href":"https:\/\/www.sozialgeschichte-medizin.org\/wp_verein\/index.php?rest_route=%2Fwp%2Fv2%2Fmedia&parent=327"}],"curies":[{"name":"wp","href":"https:\/\/api.w.org\/{rel}","templated":true}]}}