{"id":35,"date":"2015-02-01T14:10:31","date_gmt":"2015-02-01T14:10:31","guid":{"rendered":"http:\/\/www.sozialgeschichte-medizin.org\/wp_verein\/?page_id=35"},"modified":"2015-05-01T13:25:57","modified_gmt":"2015-05-01T13:25:57","slug":"vorteile-fuer-mitglieder","status":"publish","type":"page","link":"https:\/\/www.sozialgeschichte-medizin.org\/wp_verein\/?page_id=35","title":{"rendered":"Vorteile f\u00fcr Mitglieder"},"content":{"rendered":"<p><strong>Gratisbezug<\/strong> der j\u00e4hrlich erscheinenden Fachzeitschrift &#8222;Virus. Beitr\u00e4ge zur Sozialgeschichte der Medizin&#8220;.<\/p>\n<p><strong>Erm\u00e4\u00dfigter Bezug<\/strong> von Publikationen des Vereins.<\/p>\n<p>Regelm\u00e4\u00dfige Informationen \u00fcber Publikationen, Veranstaltungen und Aktivit\u00e4ten des Vereins via <strong>Newsletter<\/strong>.<\/p>\n<p>M\u00f6glichkeit der aktiven <strong>Mitgestaltung<\/strong> der Aktivit\u00e4ten des Vereins.<\/p>\n","protected":false},"excerpt":{"rendered":"<p>Gratisbezug der j\u00e4hrlich erscheinenden Fachzeitschrift &#8222;Virus. Beitr\u00e4ge zur Sozialgeschichte der Medizin&#8220;. Erm\u00e4\u00dfigter Bezug von Publikationen des Vereins. Regelm\u00e4\u00dfige Informationen \u00fcber Publikationen, Veranstaltungen und Aktivit\u00e4ten des Vereins via Newsletter. M\u00f6glichkeit der aktiven Mitgestaltung der Aktivit\u00e4ten des Vereins.<\/p>\n","protected":false},"author":1,"featured_media":0,"parent":17,"menu_order":1,"comment_status":"closed","ping_status":"closed","template":"","meta":{"footnotes":""},"class_list":["post-35","page","type-page","status-publish","hentry"],"_links":{"self":[{"href":"https:\/\/www.sozialgeschichte-medizin.org\/wp_verein\/index.php?rest_route=\/wp\/v2\/pages\/35"}],"collection":[{"href":"https:\/\/www.sozialgeschichte-medizin.org\/wp_verein\/index.php?rest_route=\/wp\/v2\/pages"}],"about":[{"href":"https:\/\/www.sozialgeschichte-medizin.org\/wp_verein\/index.php?rest_route=\/wp\/v2\/types\/page"}],"author":[{"embeddable":true,"href":"https:\/\/www.sozialgeschichte-medizin.org\/wp_verein\/index.php?rest_route=\/wp\/v2\/users\/1"}],"replies":[{"embeddable":true,"href":"https:\/\/www.sozialgeschichte-medizin.org\/wp_verein\/index.php?rest_route=%2Fwp%2Fv2%2Fcomments&post=35"}],"version-history":[{"count":9,"href":"https:\/\/www.sozialgeschichte-medizin.org\/wp_verein\/index.php?rest_route=\/wp\/v2\/pages\/35\/revisions"}],"predecessor-version":[{"id":643,"href":"https:\/\/www.sozialgeschichte-medizin.org\/wp_verein\/index.php?rest_route=\/wp\/v2\/pages\/35\/revisions\/643"}],"up":[{"embeddable":true,"href":"https:\/\/www.sozialgeschichte-medizin.org\/wp_verein\/index.php?rest_route=\/wp\/v2\/pages\/17"}],"wp:attachment":[{"href":"https:\/\/www.sozialgeschichte-medizin.org\/wp_verein\/index.php?rest_route=%2Fwp%2Fv2%2Fmedia&parent=35"}],"curies":[{"name":"wp","href":"https:\/\/api.w.org\/{rel}","templated":true}]}}