{"id":375,"date":"2015-02-22T13:20:46","date_gmt":"2015-02-22T13:20:46","guid":{"rendered":"http:\/\/www.sozialgeschichte-medizin.org\/wp_verein\/?page_id=375"},"modified":"2021-07-05T10:01:06","modified_gmt":"2021-07-05T10:01:06","slug":"links","status":"publish","type":"page","link":"https:\/\/www.sozialgeschichte-medizin.org\/wp_verein\/?page_id=375","title":{"rendered":"Links"},"content":{"rendered":"<p>Hier finden Sie einige Links zu unseren Partnern und zu Projekten von Mitgliedern des Vereins f\u00fcr Sozialgeschichte der Medizin.<\/p>\n<p>M\u00f6chten Sie einen Link einmelden? Dann senden Sie eine Mail an:<br \/>\n<a href=\"mailto:verein@sozialgeschichte-medizin.org\">verein@sozialgeschichte-medizin.org<\/a><br \/>\n<em id=\"__mceDel\"><br \/>\n<\/em><a href=\"https:\/\/www.uibk.ac.at\/fz-medical-humanities\/index.html.de\">Forschungszentrum Medical Humanities an der Universit\u00e4t Innsbruck<\/a><\/p>\n<p><a href=\"https:\/\/www.fachverband-medizingeschichte.de\/\">Fachverband Medizingeschichte<\/a><\/p>\n<p><a href=\"https:\/\/www.univerlag-leipzig.de\/catalog\/bookstore\/category\/198-Virus_Beitraege_zur_Sozialgeschichte_der_Medizin\">Leipziger Universit\u00e4tsverlag<\/a><\/p>\n<p><a href=\"https:\/\/www.austriaca.at\/virus_collection?frames=yes\">Verlag der \u00d6sterreichischen Akademie der Wissenschaften<\/a><\/p>\n","protected":false},"excerpt":{"rendered":"<p>Hier finden Sie einige Links zu unseren Partnern und zu Projekten von Mitgliedern des Vereins f\u00fcr Sozialgeschichte der Medizin. M\u00f6chten Sie einen Link einmelden? Dann senden Sie eine Mail an: verein@sozialgeschichte-medizin.org Forschungszentrum Medical Humanities an der Universit\u00e4t Innsbruck Fachverband Medizingeschichte Leipziger Universit\u00e4tsverlag Verlag der \u00d6sterreichischen Akademie der Wissenschaften<\/p>\n","protected":false},"author":1,"featured_media":0,"parent":0,"menu_order":5,"comment_status":"closed","ping_status":"open","template":"","meta":{"footnotes":""},"class_list":["post-375","page","type-page","status-publish","hentry"],"_links":{"self":[{"href":"https:\/\/www.sozialgeschichte-medizin.org\/wp_verein\/index.php?rest_route=\/wp\/v2\/pages\/375"}],"collection":[{"href":"https:\/\/www.sozialgeschichte-medizin.org\/wp_verein\/index.php?rest_route=\/wp\/v2\/pages"}],"about":[{"href":"https:\/\/www.sozialgeschichte-medizin.org\/wp_verein\/index.php?rest_route=\/wp\/v2\/types\/page"}],"author":[{"embeddable":true,"href":"https:\/\/www.sozialgeschichte-medizin.org\/wp_verein\/index.php?rest_route=\/wp\/v2\/users\/1"}],"replies":[{"embeddable":true,"href":"https:\/\/www.sozialgeschichte-medizin.org\/wp_verein\/index.php?rest_route=%2Fwp%2Fv2%2Fcomments&post=375"}],"version-history":[{"count":11,"href":"https:\/\/www.sozialgeschichte-medizin.org\/wp_verein\/index.php?rest_route=\/wp\/v2\/pages\/375\/revisions"}],"predecessor-version":[{"id":887,"href":"https:\/\/www.sozialgeschichte-medizin.org\/wp_verein\/index.php?rest_route=\/wp\/v2\/pages\/375\/revisions\/887"}],"wp:attachment":[{"href":"https:\/\/www.sozialgeschichte-medizin.org\/wp_verein\/index.php?rest_route=%2Fwp%2Fv2%2Fmedia&parent=375"}],"curies":[{"name":"wp","href":"https:\/\/api.w.org\/{rel}","templated":true}]}}