{"id":39,"date":"2015-02-01T14:11:38","date_gmt":"2015-02-01T14:11:38","guid":{"rendered":"http:\/\/www.sozialgeschichte-medizin.org\/wp_verein\/?page_id=39"},"modified":"2021-07-05T09:52:04","modified_gmt":"2021-07-05T09:52:04","slug":"foerdermitglieder","status":"publish","type":"page","link":"https:\/\/www.sozialgeschichte-medizin.org\/wp_verein\/?page_id=39","title":{"rendered":"F\u00f6rdermitglieder"},"content":{"rendered":"<p>F\u00f6rdermitglieder unterst\u00fctzen die T\u00e4tigkeiten des Vereins mit <strong>120,- \u20ac oder mehr<\/strong> an Jahresmitgliedsbeitrag (wenn Sie als F\u00f6rdermitglied nicht namentlich auf der Homepage genannt werden m\u00f6chten, teilen Sie uns dies bitte per E-Mail mit).<\/p>\n<p>Zus\u00e4tzlich zu allen anderen Vorteilen der Mitgliedschaft k\u00f6nnen F\u00f6rdermitglieder an allen <strong>Veranstaltungen<\/strong> des Vereins der Sozialgeschichte der Medizin (z. B. Jahrestagungen) <strong>gratis<\/strong> teilnehmen.<\/p>\n<p>Wir danken unseren F\u00f6rdermitgliedern recht herzlich f\u00fcr Ihre Unterst\u00fctzung!<\/p>\n","protected":false},"excerpt":{"rendered":"<p>F\u00f6rdermitglieder unterst\u00fctzen die T\u00e4tigkeiten des Vereins mit 120,- \u20ac oder mehr an Jahresmitgliedsbeitrag (wenn Sie als F\u00f6rdermitglied nicht namentlich auf der Homepage genannt werden m\u00f6chten, teilen Sie uns dies bitte per E-Mail mit). Zus\u00e4tzlich zu allen anderen Vorteilen der Mitgliedschaft k\u00f6nnen F\u00f6rdermitglieder an allen Veranstaltungen des Vereins der Sozialgeschichte der Medizin (z. B. Jahrestagungen) gratis &hellip; <a href=\"https:\/\/www.sozialgeschichte-medizin.org\/wp_verein\/?page_id=39\" class=\"more-link\"><span class=\"screen-reader-text\">F\u00f6rdermitglieder<\/span> weiterlesen <span class=\"meta-nav\">&rarr;<\/span><\/a><\/p>\n","protected":false},"author":1,"featured_media":0,"parent":17,"menu_order":3,"comment_status":"closed","ping_status":"open","template":"","meta":{"footnotes":""},"class_list":["post-39","page","type-page","status-publish","hentry"],"_links":{"self":[{"href":"https:\/\/www.sozialgeschichte-medizin.org\/wp_verein\/index.php?rest_route=\/wp\/v2\/pages\/39"}],"collection":[{"href":"https:\/\/www.sozialgeschichte-medizin.org\/wp_verein\/index.php?rest_route=\/wp\/v2\/pages"}],"about":[{"href":"https:\/\/www.sozialgeschichte-medizin.org\/wp_verein\/index.php?rest_route=\/wp\/v2\/types\/page"}],"author":[{"embeddable":true,"href":"https:\/\/www.sozialgeschichte-medizin.org\/wp_verein\/index.php?rest_route=\/wp\/v2\/users\/1"}],"replies":[{"embeddable":true,"href":"https:\/\/www.sozialgeschichte-medizin.org\/wp_verein\/index.php?rest_route=%2Fwp%2Fv2%2Fcomments&post=39"}],"version-history":[{"count":9,"href":"https:\/\/www.sozialgeschichte-medizin.org\/wp_verein\/index.php?rest_route=\/wp\/v2\/pages\/39\/revisions"}],"predecessor-version":[{"id":884,"href":"https:\/\/www.sozialgeschichte-medizin.org\/wp_verein\/index.php?rest_route=\/wp\/v2\/pages\/39\/revisions\/884"}],"up":[{"embeddable":true,"href":"https:\/\/www.sozialgeschichte-medizin.org\/wp_verein\/index.php?rest_route=\/wp\/v2\/pages\/17"}],"wp:attachment":[{"href":"https:\/\/www.sozialgeschichte-medizin.org\/wp_verein\/index.php?rest_route=%2Fwp%2Fv2%2Fmedia&parent=39"}],"curies":[{"name":"wp","href":"https:\/\/api.w.org\/{rel}","templated":true}]}}