{"id":47,"date":"2015-02-01T14:17:15","date_gmt":"2015-02-01T14:17:15","guid":{"rendered":"http:\/\/www.sozialgeschichte-medizin.org\/wp_verein\/?page_id=47"},"modified":"2015-02-22T16:54:12","modified_gmt":"2015-02-22T16:54:12","slug":"2011-2","status":"publish","type":"page","link":"https:\/\/www.sozialgeschichte-medizin.org\/wp_verein\/?page_id=47","title":{"rendered":"2011"},"content":{"rendered":"<p><a name=top href=#anfang><\/a><br \/>\n<a name=anfang href=#cfp>Cfp<\/a><br \/>\n<a name=anfang href=#programm>Programm<\/a><br \/>\n<a name=cfp href=#anfang><\/a><\/p>\n<h3>CfP<\/h3>\n<div class=\"hfn-item-fulltext\">\n<div id=\"hfn-item-titlehead\">\n<div class=\"hfn-item-title\">\n<div>\n<h5>Behinderung(en). Exklusion, Inklusion und Partizipation aus sozial- und kulturgeschichtlicher Perspektive<\/h5>\n<p>Jahrestagung 2011 des Vereins f\u00fcr Sozialgeschichte der Medizin \u2013 Geschichte(n) von Gesundheit und Krankheit<\/p>\n<p><strong>Veranstalter: <\/strong>Verein f\u00fcr Sozialgeschichte der Medizin in Kooperation mit dem Lern- und Gedenkort Schloss Hartheim<\/p>\n<p><strong>Datum\/Ort: <\/strong>01.-02. Juli 2011 im Schloss Hartheim, Alkoven\/Ober\u00f6sterreich<\/p>\n<p><strong>Deadline: <\/strong>31. M\u00e4rz 2011<\/p>\n<p>Im Fokus der diesj\u00e4hrigen Tagung des \u00f6sterreichischen Vereins f\u00fcr Sozialgeschichte der Medizin steht das Thema Behinderung. Fragen zur (Lebens-)Situation von Menschen mit Behinderung, zu den Mechanismen ihrer Ausgrenzung, zur Konstruktion und Definition der Begriffe Behinderung und Normalit\u00e4t, zur Reaktion der Betroffenen auf ihre Situation oder zum Umgang von Staat und Gesellschaft mit den betroffenen Menschen sollen bei dieser Gelegenheit aus sozial- und kulturgeschichtlicher Perspektive beleuchtet werden.<\/p>\n<\/div>\n<\/div>\n<\/div>\n<p>Die Jahrestagung 2011 des \u00f6sterreichischen Vereins f\u00fcr Sozialgeschichte der Medizin findet in Zusammenarbeit mit dem Lern- und Gedenkort Schloss Hartheim statt. Sie m\u00f6chte es den zu diesen Themen Forschenden erm\u00f6glichen, ihre Ergebnisse und Projekte zu pr\u00e4sentieren und zu diskutieren. Aus diesem Grund m\u00f6chten wir Interessierte aus allen Wissenschaftsbereichen, die historisch zum Thema Behinderung arbeiten, zur Einsendung von Beitragsvorschl\u00e4gen sowie zur Teilnahme an der Tagung \u201eGeschichte(n) von Gesundheit und Krankheit: Behinderung(en). Exklusion, Inklusion und Partizipation aus sozial- und kulturgeschichtlicher Perspektive&#8220; am 1. und 2. Juli 2011 im Lern- und Gedenkort Schloss Hartheim (Alkoven, Ober\u00f6sterreich) einladen.<\/p>\n<p>Grunds\u00e4tzlich sind wir an vielf\u00e4ltigen thematischen Aspekten und methodischen Herangehensweisen an das Thema interessiert. Insbesondere laden wir auch NachwuchswissenschafterInnen ein, sich mit einem Abstract im Umfang von einer Seite bis 31. 03. 2011 (bevorzugt per email) zu bewerben:<\/p>\n<p>Dr. Carlos Watzka, Email: carlos.watzka@uni-graz.at, Centrum f\u00fcr Sozialforschung, Universit\u00e4tsstra\u00dfe 15\/G3, 8010 Graz, \u00d6sterreich.<\/p>\n<p>Selbstverst\u00e4ndlich sind auch KollegInnen, die keinen eigenen Vortrag halten m\u00f6chten, zur Teilnahme herzlich eingeladen. Wir ersuchen auch um Weitergabe dieser Informationen an Interessierte. Tagungssprachen: Deutsch, Englisch.<\/p>\n<p>Wir m\u00fcssen leider darauf hinweisen, dass f\u00fcr die \u00dcbernahme von Anreise- bzw. Aufenthaltskosten noch keine definitiven Zusagen gemacht werden k\u00f6nnen. Die Tagungsleitung ist aber bem\u00fcht, zumindest f\u00fcr NachwuchswissenschafterInnen einen Kostenersatz zu erm\u00f6glichen. Die Aussendung des Tagungsprogramms erfolgt im April 2011.<\/p>\n<p>F\u00fcr den Verein f\u00fcr Sozialgeschichte der Medizin:<\/p>\n<p>Carlos Watzka, Pr\u00e4sident, Elisabeth Dietrich-Daum, Vize-Pr\u00e4sidentin<\/p>\n<\/div>\n<div id=\"hfn-item-contact\">Kontakt<br \/>\nPriv. Doz. Dr. Carlos Watzka<br \/>\nCentrum f\u00fcr Sozialforschung<br \/>\nUniversit\u00e4tsstra\u00dfe 15\/G3, 8010 Graz, \u00d6sterreich<br \/>\ncarlos.watzka@uni-graz.at<\/div>\n<a name=anfang href=#top>zum Anfang<\/a>\n<a name=programm href=#anfang><\/a>\n<h3>Programm<\/h3>\n<p><a href=\"https:\/\/www.sozialgeschichte-medizin.org\/wp_verein\/wp-content\/uploads\/2015\/02\/2011FlyerJahrestagung.pdf\">2011FlyerJahrestagung<\/a><br \/>\n<a name=anfang href=#top>zum Anfang<\/a><\/p>\n","protected":false},"excerpt":{"rendered":"<p>CfP Behinderung(en). Exklusion, Inklusion und Partizipation aus sozial- und kulturgeschichtlicher Perspektive Jahrestagung 2011 des Vereins f\u00fcr Sozialgeschichte der Medizin \u2013 Geschichte(n) von Gesundheit und Krankheit Veranstalter: Verein f\u00fcr Sozialgeschichte der Medizin in Kooperation mit dem Lern- und Gedenkort Schloss Hartheim Datum\/Ort: 01.-02. Juli 2011 im Schloss Hartheim, Alkoven\/Ober\u00f6sterreich Deadline: 31. M\u00e4rz 2011 Im Fokus der &hellip; <a href=\"https:\/\/www.sozialgeschichte-medizin.org\/wp_verein\/?page_id=47\" class=\"more-link\"><span class=\"screen-reader-text\">2011<\/span> weiterlesen <span class=\"meta-nav\">&rarr;<\/span><\/a><\/p>\n","protected":false},"author":1,"featured_media":0,"parent":8,"menu_order":104,"comment_status":"closed","ping_status":"closed","template":"","meta":{"footnotes":""},"class_list":["post-47","page","type-page","status-publish","hentry"],"_links":{"self":[{"href":"https:\/\/www.sozialgeschichte-medizin.org\/wp_verein\/index.php?rest_route=\/wp\/v2\/pages\/47"}],"collection":[{"href":"https:\/\/www.sozialgeschichte-medizin.org\/wp_verein\/index.php?rest_route=\/wp\/v2\/pages"}],"about":[{"href":"https:\/\/www.sozialgeschichte-medizin.org\/wp_verein\/index.php?rest_route=\/wp\/v2\/types\/page"}],"author":[{"embeddable":true,"href":"https:\/\/www.sozialgeschichte-medizin.org\/wp_verein\/index.php?rest_route=\/wp\/v2\/users\/1"}],"replies":[{"embeddable":true,"href":"https:\/\/www.sozialgeschichte-medizin.org\/wp_verein\/index.php?rest_route=%2Fwp%2Fv2%2Fcomments&post=47"}],"version-history":[{"count":6,"href":"https:\/\/www.sozialgeschichte-medizin.org\/wp_verein\/index.php?rest_route=\/wp\/v2\/pages\/47\/revisions"}],"predecessor-version":[{"id":603,"href":"https:\/\/www.sozialgeschichte-medizin.org\/wp_verein\/index.php?rest_route=\/wp\/v2\/pages\/47\/revisions\/603"}],"up":[{"embeddable":true,"href":"https:\/\/www.sozialgeschichte-medizin.org\/wp_verein\/index.php?rest_route=\/wp\/v2\/pages\/8"}],"wp:attachment":[{"href":"https:\/\/www.sozialgeschichte-medizin.org\/wp_verein\/index.php?rest_route=%2Fwp%2Fv2%2Fmedia&parent=47"}],"curies":[{"name":"wp","href":"https:\/\/api.w.org\/{rel}","templated":true}]}}