{"id":656,"date":"2015-05-01T14:20:52","date_gmt":"2015-05-01T14:20:52","guid":{"rendered":"http:\/\/www.sozialgeschichte-medizin.org\/wp_verein\/?page_id=656"},"modified":"2018-12-17T19:14:23","modified_gmt":"2018-12-17T19:14:23","slug":"impressum","status":"publish","type":"page","link":"https:\/\/www.sozialgeschichte-medizin.org\/wp_verein\/?page_id=656","title":{"rendered":"Impressum"},"content":{"rendered":"<h6>Medieninhaber und Herausgeber<\/h6>\n<p><strong>Verein f\u00fcr Sozialgeschichte der Medizin<\/strong><br \/>\n<strong>Sitz:<\/strong> Georgistra\u00dfe 37, 1210 Wien<br \/>\n<strong>E-Mail:<\/strong> verein@sozialgeschichte-medizin.org<\/p>\n<p>Offenlegung nach \u00a7 25 Mediengesetz<br \/>\n<strong>ZVR-Nr.:<\/strong> 745805986<\/p>\n<p><strong>Bankverbindung<\/strong><br \/>\n<strong>IBAN:<\/strong> AT05 6000 0005 1008 9693<br \/>\n<strong>BIC:<\/strong> BAWAATWW<\/p>\n<p><a href=\"https:\/\/www.sozialgeschichte-medizin.org\/wp_verein\/?page_id=27\">Vorstand<\/a><\/p>\n<p>Der Verein f\u00fcr Sozialgeschichte der Medizin ist ein nach dem \u00f6sterreichischen Vereinsgesetzt (VerG) im Zentralen Vereinsregister (ZVR) eingetragener Verein ohne kommerzielle Absichten.<\/p>\n<p><strong>Urheberrecht<\/strong><br \/>\nAlle auf diesen Seiten ver\u00f6ffentlichten Inhalte unterliegen dem Urheberrecht. Dementsprechend d\u00fcrfen die Inhalte ohne der ausdr\u00fccklichen schriftlichen Genehmigung des Urhebers nicht kopiert, bearbeitet, ver\u00f6ffentlicht oder anderwertig vervielf\u00e4ltigt werden.<\/p>\n<p><strong>Datenschutz<\/strong><br \/>\nPersonenbezogene Daten werden vom Verein f\u00fcr Sozialgeschichte der Medizin ausschlie\u00dflich nach den Vorgaben des \u00f6sterreichischen Datenschutzrechts erhoben, verarbeitet und genutzt.<\/p>\n<p><strong>Haftungsausschluss<\/strong><br \/>\nDieser Internetauftritt beinhaltet Links zu externen Internetauftritten Dritter, auf deren Inhalt der Medieninhaber keinen Einfluss hat. Dementsprechend kann der Medieninhaber trotz sorgf\u00e4ltiger Pr\u00fcfung f\u00fcr die Inhalte der entsprechenden Seiten keine Verantwortung \u00fcbernehmen. F\u00fcr diese Inhalte ist der Betreiber der jeweiligen Website verantwortlich. Sollten dennoch Rechtsverletzungen in Verbindung mit einer der verlinkten Seiten erkennbar werden, wird der Link selbstverst\u00e4ndlich umgehend entfernt.<\/p>\n<p><strong>Bildrechte<\/strong><br \/>\nDas Bild im Header der Homepage stammt aus dem Josephinum, Sammlungen und Geschichte der Medizin, MedUni Wien \/ Josephinum, Collections and History of Medicine MedUni Vienna. Inventarnummer: MUW-FO-IIR-000105-0093-013<\/p>\n","protected":false},"excerpt":{"rendered":"<p>Medieninhaber und Herausgeber Verein f\u00fcr Sozialgeschichte der Medizin Sitz: Georgistra\u00dfe 37, 1210 Wien E-Mail: verein@sozialgeschichte-medizin.org Offenlegung nach \u00a7 25 Mediengesetz ZVR-Nr.: 745805986 Bankverbindung IBAN: AT05 6000 0005 1008 9693 BIC: BAWAATWW Vorstand Der Verein f\u00fcr Sozialgeschichte der Medizin ist ein nach dem \u00f6sterreichischen Vereinsgesetzt (VerG) im Zentralen Vereinsregister (ZVR) eingetragener Verein ohne kommerzielle Absichten. Urheberrecht &hellip; <a href=\"https:\/\/www.sozialgeschichte-medizin.org\/wp_verein\/?page_id=656\" class=\"more-link\"><span class=\"screen-reader-text\">Impressum<\/span> weiterlesen <span class=\"meta-nav\">&rarr;<\/span><\/a><\/p>\n","protected":false},"author":1,"featured_media":0,"parent":0,"menu_order":7,"comment_status":"closed","ping_status":"open","template":"","meta":{"footnotes":""},"class_list":["post-656","page","type-page","status-publish","hentry"],"_links":{"self":[{"href":"https:\/\/www.sozialgeschichte-medizin.org\/wp_verein\/index.php?rest_route=\/wp\/v2\/pages\/656"}],"collection":[{"href":"https:\/\/www.sozialgeschichte-medizin.org\/wp_verein\/index.php?rest_route=\/wp\/v2\/pages"}],"about":[{"href":"https:\/\/www.sozialgeschichte-medizin.org\/wp_verein\/index.php?rest_route=\/wp\/v2\/types\/page"}],"author":[{"embeddable":true,"href":"https:\/\/www.sozialgeschichte-medizin.org\/wp_verein\/index.php?rest_route=\/wp\/v2\/users\/1"}],"replies":[{"embeddable":true,"href":"https:\/\/www.sozialgeschichte-medizin.org\/wp_verein\/index.php?rest_route=%2Fwp%2Fv2%2Fcomments&post=656"}],"version-history":[{"count":9,"href":"https:\/\/www.sozialgeschichte-medizin.org\/wp_verein\/index.php?rest_route=\/wp\/v2\/pages\/656\/revisions"}],"predecessor-version":[{"id":834,"href":"https:\/\/www.sozialgeschichte-medizin.org\/wp_verein\/index.php?rest_route=\/wp\/v2\/pages\/656\/revisions\/834"}],"wp:attachment":[{"href":"https:\/\/www.sozialgeschichte-medizin.org\/wp_verein\/index.php?rest_route=%2Fwp%2Fv2%2Fmedia&parent=656"}],"curies":[{"name":"wp","href":"https:\/\/api.w.org\/{rel}","templated":true}]}}