{"id":69,"date":"2015-02-01T14:27:06","date_gmt":"2015-02-01T14:27:06","guid":{"rendered":"http:\/\/www.sozialgeschichte-medizin.org\/wp_verein\/?page_id=69"},"modified":"2015-05-01T14:26:07","modified_gmt":"2015-05-01T14:26:07","slug":"kontakt","status":"publish","type":"page","link":"https:\/\/www.sozialgeschichte-medizin.org\/wp_verein\/?page_id=69","title":{"rendered":"Kontakt"},"content":{"rendered":"<p><strong>Kontaktieren Sie uns!<\/strong><\/p>\n<p>Verein f\u00fcr Sozialgeschichte der Medizin<br \/>\nGeorgistra\u00dfe 37<br \/>\n1210 Wien<br \/>\n\u00d6sterreich<\/p>\n<p>Per Mail<br \/>\n<a href=\"mailto:verein@sozialgeschichte-medizin.org\">verein@sozialgeschichte-medizin.org<\/a><\/p>\n","protected":false},"excerpt":{"rendered":"<p>Kontaktieren Sie uns! Verein f\u00fcr Sozialgeschichte der Medizin Georgistra\u00dfe 37 1210 Wien \u00d6sterreich Per Mail verein@sozialgeschichte-medizin.org<\/p>\n","protected":false},"author":1,"featured_media":0,"parent":0,"menu_order":6,"comment_status":"closed","ping_status":"closed","template":"","meta":{"footnotes":""},"class_list":["post-69","page","type-page","status-publish","hentry"],"_links":{"self":[{"href":"https:\/\/www.sozialgeschichte-medizin.org\/wp_verein\/index.php?rest_route=\/wp\/v2\/pages\/69"}],"collection":[{"href":"https:\/\/www.sozialgeschichte-medizin.org\/wp_verein\/index.php?rest_route=\/wp\/v2\/pages"}],"about":[{"href":"https:\/\/www.sozialgeschichte-medizin.org\/wp_verein\/index.php?rest_route=\/wp\/v2\/types\/page"}],"author":[{"embeddable":true,"href":"https:\/\/www.sozialgeschichte-medizin.org\/wp_verein\/index.php?rest_route=\/wp\/v2\/users\/1"}],"replies":[{"embeddable":true,"href":"https:\/\/www.sozialgeschichte-medizin.org\/wp_verein\/index.php?rest_route=%2Fwp%2Fv2%2Fcomments&post=69"}],"version-history":[{"count":5,"href":"https:\/\/www.sozialgeschichte-medizin.org\/wp_verein\/index.php?rest_route=\/wp\/v2\/pages\/69\/revisions"}],"predecessor-version":[{"id":660,"href":"https:\/\/www.sozialgeschichte-medizin.org\/wp_verein\/index.php?rest_route=\/wp\/v2\/pages\/69\/revisions\/660"}],"wp:attachment":[{"href":"https:\/\/www.sozialgeschichte-medizin.org\/wp_verein\/index.php?rest_route=%2Fwp%2Fv2%2Fmedia&parent=69"}],"curies":[{"name":"wp","href":"https:\/\/api.w.org\/{rel}","templated":true}]}}