{"id":889,"date":"2021-07-05T10:04:35","date_gmt":"2021-07-05T10:04:35","guid":{"rendered":"http:\/\/www.sozialgeschichte-medizin.org\/wp_verein\/?page_id=889"},"modified":"2021-07-05T10:09:30","modified_gmt":"2021-07-05T10:09:30","slug":"2020-2","status":"publish","type":"page","link":"https:\/\/www.sozialgeschichte-medizin.org\/wp_verein\/?page_id=889","title":{"rendered":"2020"},"content":{"rendered":"<p><a name=top href=#anfang><\/a><br \/>\n<a name=anfang href=#cfp>CfP<\/a><br \/>\n<a name=anfang href=#programm>Programm<\/a><\/p>\n<a name=cfp href=#anfang><\/a>\n<p>Die Jahrestagung 2020 musste Corona-bedingt leider abgesagt werden.<\/p>\n<hr \/>\n<h3 style=\"text-align: center;\">Call for Papers, Jahrestagung 2020<\/h3>\n<h3 style=\"text-align: center;\"><strong>\u201e<\/strong><strong>Kein Kinderspiel\u201c. Kulturgeschichte(n) des Impfens<br \/>\n<\/strong><\/h3>\n<p>Den deutsch- und englischsprachigen CfP k\u00f6nnen Sie hier downloaden:<\/p>\n<p><a href=\"https:\/\/www.sozialgeschichte-medizin.org\/wp_verein\/wp-content\/uploads\/2015\/02\/CfP_Jahrestagung_2020_Kulturgeschichte_Impfen.pdf\">CfP_Jahrestagung_2020_Kulturgeschichte_Impfen<\/a><\/p>\n<p><strong>Ort der Tagung:\u00a0<\/strong>Alpen-Adria-Universit\u00e4t Klagenfurt<\/p>\n<p><strong>Zeitraum:\u00a0<\/strong>25.-27. Juni 2020<\/p>\n<p><strong>Veranstaltende Organisationen:\u00a0<\/strong>Verein f\u00fcr Sozialgeschichte der Medizin, Institut f\u00fcr Geschichte der Universit\u00e4t Klagenfurt, Institut f\u00fcr Geschichtswissenschaften und Europ\u00e4ische Ethnologie der Universit\u00e4t Innsbruck, Forschungszentrum Medical Humanities der Universit\u00e4t Innsbruck, Institut f\u00fcr Soziologie der Universit\u00e4t Graz<\/p>\n<p><strong>Organisationsteam:\u00a0<\/strong>Elisabeth Dietrich-Daum (Innsbruck), Marina Hilber<br \/>\n(Innsbruck), Elisabeth Lobenwein (Klagenfurt), Carlos Watzka (Graz)<\/p>\n<p>&nbsp;<\/p>\n<a name=anfang href=#top>zum Anfang<\/a>\n<hr \/>\n<a name=programm href=#anfang><\/a>\n<h3 style=\"text-align: center;\"><strong>\u201e<\/strong><strong>Kein Kinderspiel\u201c \u2013 Kulturgeschichte(n) des Impfens<\/strong><\/h3>\n<h4 style=\"text-align: center;\">Jahrestagung 2020 des Vereins f\u00fcr Sozialgeschichte der Medizin \u2013 Geschichte(n) von Gesundheit und Krankheit<\/h4>\n<p><strong>Ort der Tagung<\/strong><br \/>\nAlpen-Adria-Universit\u00e4t Klagenfurt<br \/>\nStiftungssaal<br \/>\nUniversit\u00e4tsstra\u00dfe 65\u201367<br \/>\n9020 Klagenfurt<\/p>\n<p><strong>Zeitraum<\/strong><br \/>\n25.\u201326. Juni 2020<\/p>\n<p><strong>Veranstaltende Organisationen<\/strong><br \/>\nVerein f\u00fcr Sozialgeschichte der Medizin<br \/>\nInstitut f\u00fcr Geschichte der Alpen-Adria-Universit\u00e4t Klagenfurt<br \/>\nSigmund Freud PrivatUniversit\u00e4t, Wien\u2013Linz<br \/>\nInstitut f\u00fcr Geschichtswissenschaften und Europ\u00e4ische Ethnologie der Universit\u00e4t Innsbruck<br \/>\nForschungszentrum Medical Humanities der Universit\u00e4t Innsbruck<\/p>\n<p><strong>Organisationsteam<\/strong><br \/>\nElisabeth DIETRICH-DAUM (Innsbruck)<br \/>\nMarina HILBER (Innsbruck)<br \/>\nElisabeth LOBENWEIN (Klagenfurt)<br \/>\nCarlos WATZKA (Linz )<\/p>\n<p><strong>Tagungsgeb\u00fchr<\/strong><br \/>\n100 \u20ac f\u00fcr die gesamte Tagung (inkl. Kaffeepausen, Imbisse, Mittag- und Abendessen)<\/p>\n<p style=\"text-align: center;\">Das Programm der Tagung kann man hier downloaden!<\/p>\n<p style=\"text-align: center;\"><a href=\"https:\/\/www.sozialgeschichte-medizin.org\/wp_verein\/wp-content\/uploads\/2015\/02\/Jahrestagung_2020_Programm.pdf\">Jahrestagung_2020_Programm<\/a><\/p>\n<a name=anfang href=#top>zum Anfang<\/a>\n<hr \/>\n<p>&nbsp;<\/p>\n","protected":false},"excerpt":{"rendered":"<p>Die Jahrestagung 2020 musste Corona-bedingt leider abgesagt werden. Call for Papers, Jahrestagung 2020 \u201eKein Kinderspiel\u201c. Kulturgeschichte(n) des Impfens Den deutsch- und englischsprachigen CfP k\u00f6nnen Sie hier downloaden: CfP_Jahrestagung_2020_Kulturgeschichte_Impfen Ort der Tagung:\u00a0Alpen-Adria-Universit\u00e4t Klagenfurt Zeitraum:\u00a025.-27. Juni 2020 Veranstaltende Organisationen:\u00a0Verein f\u00fcr Sozialgeschichte der Medizin, Institut f\u00fcr Geschichte der Universit\u00e4t Klagenfurt, Institut f\u00fcr Geschichtswissenschaften und Europ\u00e4ische Ethnologie der Universit\u00e4t &hellip; <a href=\"https:\/\/www.sozialgeschichte-medizin.org\/wp_verein\/?page_id=889\" class=\"more-link\"><span class=\"screen-reader-text\">2020<\/span> weiterlesen <span class=\"meta-nav\">&rarr;<\/span><\/a><\/p>\n","protected":false},"author":1,"featured_media":0,"parent":8,"menu_order":95,"comment_status":"closed","ping_status":"open","template":"","meta":{"footnotes":""},"class_list":["post-889","page","type-page","status-publish","hentry"],"_links":{"self":[{"href":"https:\/\/www.sozialgeschichte-medizin.org\/wp_verein\/index.php?rest_route=\/wp\/v2\/pages\/889"}],"collection":[{"href":"https:\/\/www.sozialgeschichte-medizin.org\/wp_verein\/index.php?rest_route=\/wp\/v2\/pages"}],"about":[{"href":"https:\/\/www.sozialgeschichte-medizin.org\/wp_verein\/index.php?rest_route=\/wp\/v2\/types\/page"}],"author":[{"embeddable":true,"href":"https:\/\/www.sozialgeschichte-medizin.org\/wp_verein\/index.php?rest_route=\/wp\/v2\/users\/1"}],"replies":[{"embeddable":true,"href":"https:\/\/www.sozialgeschichte-medizin.org\/wp_verein\/index.php?rest_route=%2Fwp%2Fv2%2Fcomments&post=889"}],"version-history":[{"count":6,"href":"https:\/\/www.sozialgeschichte-medizin.org\/wp_verein\/index.php?rest_route=\/wp\/v2\/pages\/889\/revisions"}],"predecessor-version":[{"id":895,"href":"https:\/\/www.sozialgeschichte-medizin.org\/wp_verein\/index.php?rest_route=\/wp\/v2\/pages\/889\/revisions\/895"}],"up":[{"embeddable":true,"href":"https:\/\/www.sozialgeschichte-medizin.org\/wp_verein\/index.php?rest_route=\/wp\/v2\/pages\/8"}],"wp:attachment":[{"href":"https:\/\/www.sozialgeschichte-medizin.org\/wp_verein\/index.php?rest_route=%2Fwp%2Fv2%2Fmedia&parent=889"}],"curies":[{"name":"wp","href":"https:\/\/api.w.org\/{rel}","templated":true}]}}